{"id":5257,"date":"2019-03-04T15:59:19","date_gmt":"2019-03-04T14:59:19","guid":{"rendered":"https:\/\/www.abiprofessional.it\/?page_id=5257"},"modified":"2019-03-04T15:59:19","modified_gmt":"2019-03-04T14:59:19","slug":"codice-etico-a-b-i-professional","status":"publish","type":"page","link":"https:\/\/demo2025.abiprofessional.it\/index.php\/codice-etico-a-b-i-professional\/","title":{"rendered":"Codice Etico A.B.I. Professional"},"content":{"rendered":"<p><a href=\"https:\/\/www.abiprofessional.it\/?attachment_id=38\" rel=\"attachment wp-att-38\"><img decoding=\"async\" class=\"size-full wp-image-38 alignleft\" src=\"https:\/\/demo2025.abiprofessional.it\/wp-content\/uploads\/2014\/10\/logo_abiprofessional_100.png\" alt=\"\" width=\"99\" height=\"120\" \/><\/a><\/p>\n<h2 style=\"text-align: left;\"><\/h2>\n<h2 style=\"text-align: left;\">CODICE ETICO E DI COMPORTAMENTO A.B.I. PROFESSIONAL<\/h2>\n<p>&nbsp;<\/p>\n<p>Premessa<\/p>\n<p><em>L\u2019appartenenza Associativa richiede la condivisione di valori fondanti quali <\/em><strong>PIACERE<\/strong>, <strong>PASSIONE<\/strong><em> e <\/em><strong>RISPETTO<\/strong><em> applicati con classe, stile ed eleganza.<\/em><\/p>\n<p><em><u>Il Piacere<\/u>: \u201cBere come piacere e gratificazione che ci concediamo per vivere una vita migliore\u201d. \u00c8 proprio la base di questo principio che ci permetter\u00e0 di affrontare in modo giusto e corretto il tema del bere responsabile.\u00a0 <\/em><\/p>\n<p><em><u>La Passione<\/u> \u00e8 la seconda condizione cardine dei nostri principi. Essa per noi \u00e8 strettamente legata al concetto di Qualit\u00e0. La Passione per il nostro lavoro ci fa aspirare sempre ad una maggiore ricerca di qualit\u00e0 nel servizio, nella ricerca dei prodotti e nella professionalit\u00e0. <\/em><\/p>\n<p><em><u>Il Rispetto<\/u> per i Soci\/e, per i clienti e per quello che ci rende uniti e coesi: il nostro lavoro. <\/em><em>Siamo solidamente radicati nelle comunit\u00e0 locali in cui operiamo. Ci\u00f2 significa che ci prendiamo cura al meglio delle persone e dei luoghi che ci circondano nel pieno rispetto dell\u2019ambiente che ci circonda. Riconosciamo la dignit\u00e0 fondamentale dell\u2019uomo e la Dichiarazione universale dei diritti umani in cui tale valore viene sancito. Traiamo anche forza dalle diversit\u00e0 fra individui e dalle differenze tra culture. La responsabilit\u00e0 di cui ci sentiamo investiti nei riguardi della realt\u00e0 che ci circonda ha plasmato le nostre attivit\u00e0 con riguardo all&#8217;alcol, alla Societ\u00e0, all&#8217;ambiente\u00a0di lavoro e l\u2019ecosistema che lo sostiene. Questi valori ci guidano nel nostro modo di vivere, lavorare e gestire le nostre attivit\u00e0 associative di ogni giorno; sono il fulcro intorno a cui ruota il nostro Codice Etico e di Comportamento di A.B.I. Professional. Sin dalla nostra fondazione abbiamo aderito ad un codice di comportamento non scritto, ma fatto di rispetto e trasparenza verso i nostri Soci\/e. Oggi facciamo un passo in avanti e mettiamo nero su bianco i propositi comportamentali che ci qualificheranno sia come Associazione ma soprattutto come persone, sia nel mondo lavorativo che nella relazione della vita quotidiana, impegnandoci ad essere trasparenti e ad operare nel rispetto di tutti i Soci\/e. <\/em><\/p>\n<p><em>Il Codice Etico e di Comportamento di A.B.I. PROFESSIONAL comunica i principi basilari che si \u00e8 tenuti a rispettare nell&#8217;agire\u00a0in nome o per conto di A.B.I. Professional. Ogni Socio\/a ha la responsabilit\u00e0 di osservare il Codice e di renderlo parte integrante dell\u2019attivit\u00e0 quotidiana, questo ci consentir\u00e0 di crescere come persone come professionisti e soprattutto come Associazione.\u00a0 <\/em><\/p>\n<p><em>Questo Codice si applica a ogni Socio\/a A.B.I. PROFESSIONAL in regola con il pagamento della quota Associativa. <\/em><\/p>\n<p><em>\u00a0 \u00a0 \u00a0 \u00a0 \u00a0 \u00a0 \u00a0 \u00a0 \u00a0 \u00a0 \u00a0 \u00a0 \u00a0 \u00a0 \u00a0 \u00a0 \u00a0 \u00a0 \u00a0 \u00a0 \u00a0 \u00a0 \u00a0 \u00a0 \u00a0 \u00a0\u00a0<\/em><\/p>\n<p><em>\u00a0<\/em>INTEGRIT\u00c0 PROFESSIONALE<\/p>\n<h2>\uf0b7 Consumo responsabile e comunicazione<\/h2>\n<p>Come Associazione promuoviamo il piacere di un consumo moderato dell\u2019alcool come parte di uno stile di vita sano ed equilibrato. Serviamo sempre i nostri clienti in modo responsabile e lavoriamo in partnership con le istituzioni, le scuole e le aziende produttrici per ridurre i danni correlati all&#8217;abuso di alcol.<\/p>\n<p>Per questo ci impegniamo nel pieno rispetto delle leggi nazionali in vigore:<\/p>\n<p>1) a non servire mai bevande e\/o drink alcolici a ragazzi\/e minorenni e a adulti che stanno abusando oltremodo nel consumo;<\/p>\n<p>2) a sensibilizzare i nostri datori di lavoro nel seguire i nostri principi di servizio.<\/p>\n<p>In tutte le nostre comunicazioni, anche quelle che diffondiamo attraverso i Social Media, essere ambasciatori responsabili del bere moderato significa un modo di interagire trasparente, onesto e prudente sul consumo di alcol.<\/p>\n<h2>\uf0b7 Rispetto delle norme di Sicurezza e Igienico Sanitarie<\/h2>\n<p>La valorizzazione della figura professionale del Barman \u00e8 anche frutto del completo rispetto delle norme di sicurezza e igienico sanitario. La nostra professionalit\u00e0 configura il pieno rispetto delle norme vigenti in materia di sicurezza sul lavoro e delle norme igienico sanitarie. Visto il punto precedente sul Consumo Responsabile e Comunicazione, i nostri Soci\/e, a tutti i livelli di responsabilit\u00e0 Associativa, devono impegnarsi a vigliare affinch\u00e9 si utilizzino prodotti di buona qualit\u00e0 e soprattutto che non avvengano frodi commerciali.<\/p>\n<h2>\uf0b7 Conflitti di interesse<\/h2>\n<p>Ci aspettiamo doti di seriet\u00e0 e professionalit\u00e0 da tutti i nostri Soci\/e a tutti i livelli e chiediamo di agire nell&#8217;interesse dell\u2019Associazione. Evitiamo quelle situazioni in cui un conflitto, o l\u2019apparenza di un conflitto, potrebbe emergere tra l\u2019interesse della nostra Associazione e un possibile beneficio personale.<\/p>\n<p>INTEGRIT\u00c0 ASSOCIATIVA<\/p>\n<h2>\uf0b7 Utilizzo delle risorse<\/h2>\n<p>Siamo tutti responsabili di tutelare i beni di A.B.I. PROFESSIONAL, inclusi il marchio, il materiale informativo, le attrezzature e i diritti di propriet\u00e0 intellettuale. Siamo tenuti a utilizzare le risorse dell\u2019Associazione in modo attento e professionale e soltanto per lo scopo previsto, a meno che non sia stato espressamente autorizzato un altro utilizzo da un referente del Gruppo Dirigente Associativo.<\/p>\n<p>\uf0b7 Frode<\/p>\n<p>Non tolleriamo comportamenti mirati ad ingannare o fuorviare il nostro prossimo. A tutti i nostri Soci chiediamo di vigilare per prevenire le frodi e di segnalare eventuali frodi o sospetti di frode all&#8217;interno della nostra Associazione.<\/p>\n<p>&nbsp;<\/p>\n<p>&nbsp;<\/p>\n<p>RESPONSABILIT\u00c0 E SEGNALAZIONI<\/p>\n<p>Dobbiamo concentrarci tutti sui nostri obiettivi, nel rispetto dei nostri valori, aderendo a questo Codice. Ci aspettiamo che ciascun Socio\/a contribuisca a promuovere una cultura di apertura in cui tutti si sentono liberi di sollevare dubbi, di evidenziare dilemmi e preoccupazioni riguardo all&#8217;interpretazione e osservanza del presente Codice.\u00a0 Rimanere in silenzio di fronte ad una possibile violazione pu\u00f2 solo peggiorare una situazione e diminuire il senso di fiducia. Pertanto, vi invitiamo a rivolgervi al vostro Coordinatore Regionale o Consigliere Nazionale se avete dubbi o sospetti riguardo ad una possibile violazione della legge, del nostro Codice, dello Statuto Associativo o delle procedure del Regolamento di Attuazione dello Statuto.<\/p>\n<p>I Soci\/e che sono parte del Gruppo Dirigente Associativo hanno la responsabilit\u00e0 di essere da guida ed esempio oltre al compito di implementare il Codice Comportamentale e le sue procedure per renderlo sempre attuale e operativo.<\/p>\n<p>MISURE DISCIPLINARI<\/p>\n<p>Omettere colpevolmente di osservare o violare il Codice Penale e Civile, il nostro Codice Etico, gli articoli dello Statuto Associativo o delle procedure del Regolamento di Attuazione dello Statuto o ignorarne una violazione possono avere gravi conseguenze per la nostra Associazione e gli individui coinvolti (ad esempio condanne penali, responsabilit\u00e0 personale e\/o ammende nonch\u00e9 danni alla reputazione). Servirsi di terzi o di altri mezzi per eludere questo Codice \u00e8 vietato.<\/p>\n<p>Una violazione pu\u00f2 far scaturire provvedimenti disciplinari come la SOSPENSIONE dei diritti di Socio\/a o da un incarico Associativo, e nel caso di dolo o evidente e comprovata intenzionalit\u00e0 la DECADENZA DELLA QUALIFICA di Socio\/a e a eventuale incarico dirigenziale. L\u2019organo competente alla verifica della violazione e alla valutazione di eventuali provvedimenti \u00e8 il Collegio dei Probiviri che trover\u00e0 il modo idoneo per costituire al proprio interno un libero dibattito e una soluzione maggioritaria.<\/p>\n<p>NON RITORSIONE<\/p>\n<p>Nessun Socio dovr\u00e0 subire ritorsioni se, per rispettare il nostro Codice, \u00e8 stata segnalata in buona fede una violazione o un sospetto di violazione del Codice. Se ritenete di dover segnalare o affrontare un problema o un dubbio con un vostro collega, potrete segnalare i vostri timori in modo confidenziale a <a href=\"mailto:risorseumane@abiprofessional.it\">risorseumane@abiprofessional.it<\/a><\/p>\n<p>Il Socio\/a pu\u00f2 fare ricorso se pensa di non essere tutelato nei principi e nel pieno rispetto del presente Codice Etico e di Comportamento, al Collegio dei Probiviri inviando una mail a: <a href=\"mailto:info@abipofessional.it\">info@abipofessional.it<\/a> che sottoporr\u00e0 il caso ai colleghi del Collegio alla ricerca di una soluzione idonea e soddisfacente alle parti.<\/p>\n<p>&nbsp;<\/p>\n<p style=\"text-align: center;\">\u00a0 Il presidente A.B.I. Professional<\/p>\n<p style=\"text-align: center;\">Ernesto Molteni<\/p>\n","protected":false},"excerpt":{"rendered":"<p>CODICE ETICO E DI COMPORTAMENTO A.B.I. PROFESSIONAL &nbsp; Premessa L\u2019appartenenza Associativa richiede la condivisione di valori fondanti quali PIACERE, PASSIONE e RISPETTO applicati con classe, stile ed eleganza. Il Piacere:&#8230;<\/p>\n","protected":false},"author":1,"featured_media":0,"parent":0,"menu_order":0,"comment_status":"closed","ping_status":"closed","template":"","meta":{"_acf_changed":false,"footnotes":""},"class_list":["post-5257","page","type-page","status-publish","hentry"],"acf":{"post_carousel_cover":null},"yoast_head":"<!-- This site is optimized with the Yoast SEO plugin v25.4 - https:\/\/yoast.com\/wordpress\/plugins\/seo\/ -->\n<title>Codice Etico A.B.I. Professional - A.B.I. Professional - Associazione Barmen Italiani<\/title>\n<meta name=\"robots\" content=\"index, follow, max-snippet:-1, max-image-preview:large, max-video-preview:-1\" \/>\n<link rel=\"canonical\" href=\"https:\/\/demo2025.abiprofessional.it\/index.php\/codice-etico-a-b-i-professional\/\" \/>\n<meta property=\"og:locale\" content=\"it_IT\" \/>\n<meta property=\"og:type\" content=\"article\" \/>\n<meta property=\"og:title\" content=\"Codice Etico A.B.I. Professional - A.B.I. Professional - Associazione Barmen Italiani\" \/>\n<meta property=\"og:description\" content=\"CODICE ETICO E DI COMPORTAMENTO A.B.I. PROFESSIONAL &nbsp; Premessa L\u2019appartenenza Associativa richiede la condivisione di valori fondanti quali PIACERE, PASSIONE e RISPETTO applicati con classe, stile ed eleganza. Il Piacere:...\" \/>\n<meta property=\"og:url\" content=\"https:\/\/demo2025.abiprofessional.it\/index.php\/codice-etico-a-b-i-professional\/\" \/>\n<meta property=\"og:site_name\" content=\"A.B.I. Professional - Associazione Barmen Italiani\" \/>\n<meta property=\"article:publisher\" content=\"https:\/\/www.facebook.com\/A.B.I.Professional\" \/>\n<meta property=\"og:image\" content=\"https:\/\/demo2025.abiprofessional.it\/wp-content\/uploads\/2014\/10\/logo_abiprofessional_100.png\" \/>\n<meta name=\"twitter:card\" content=\"summary_large_image\" \/>\n<meta name=\"twitter:site\" content=\"@abiprofessional\" \/>\n<meta name=\"twitter:label1\" content=\"Tempo di lettura stimato\" \/>\n\t<meta name=\"twitter:data1\" content=\"6 minuti\" \/>\n<script type=\"application\/ld+json\" class=\"yoast-schema-graph\">{\"@context\":\"https:\/\/schema.org\",\"@graph\":[{\"@type\":\"WebPage\",\"@id\":\"https:\/\/demo2025.abiprofessional.it\/index.php\/codice-etico-a-b-i-professional\/\",\"url\":\"https:\/\/demo2025.abiprofessional.it\/index.php\/codice-etico-a-b-i-professional\/\",\"name\":\"Codice Etico A.B.I. Professional - A.B.I. Professional - Associazione Barmen Italiani\",\"isPartOf\":{\"@id\":\"https:\/\/demo2025.abiprofessional.it\/#website\"},\"primaryImageOfPage\":{\"@id\":\"https:\/\/demo2025.abiprofessional.it\/index.php\/codice-etico-a-b-i-professional\/#primaryimage\"},\"image\":{\"@id\":\"https:\/\/demo2025.abiprofessional.it\/index.php\/codice-etico-a-b-i-professional\/#primaryimage\"},\"thumbnailUrl\":\"https:\/\/demo2025.abiprofessional.it\/wp-content\/uploads\/2014\/10\/logo_abiprofessional_100.png\",\"datePublished\":\"2019-03-04T14:59:19+00:00\",\"breadcrumb\":{\"@id\":\"https:\/\/demo2025.abiprofessional.it\/index.php\/codice-etico-a-b-i-professional\/#breadcrumb\"},\"inLanguage\":\"it-IT\",\"potentialAction\":[{\"@type\":\"ReadAction\",\"target\":[\"https:\/\/demo2025.abiprofessional.it\/index.php\/codice-etico-a-b-i-professional\/\"]}]},{\"@type\":\"ImageObject\",\"inLanguage\":\"it-IT\",\"@id\":\"https:\/\/demo2025.abiprofessional.it\/index.php\/codice-etico-a-b-i-professional\/#primaryimage\",\"url\":\"https:\/\/demo2025.abiprofessional.it\/wp-content\/uploads\/2014\/10\/logo_abiprofessional_100.png\",\"contentUrl\":\"https:\/\/demo2025.abiprofessional.it\/wp-content\/uploads\/2014\/10\/logo_abiprofessional_100.png\",\"width\":99,\"height\":120},{\"@type\":\"BreadcrumbList\",\"@id\":\"https:\/\/demo2025.abiprofessional.it\/index.php\/codice-etico-a-b-i-professional\/#breadcrumb\",\"itemListElement\":[{\"@type\":\"ListItem\",\"position\":1,\"name\":\"Home\",\"item\":\"https:\/\/demo2025.abiprofessional.it\/\"},{\"@type\":\"ListItem\",\"position\":2,\"name\":\"Codice Etico A.B.I. Professional\"}]},{\"@type\":\"WebSite\",\"@id\":\"https:\/\/demo2025.abiprofessional.it\/#website\",\"url\":\"https:\/\/demo2025.abiprofessional.it\/\",\"name\":\"A.B.I. Professional - Associazione Barmen Italiani\",\"description\":\"Associazione Barmen Italiani - Professionisti del bartending\",\"publisher\":{\"@id\":\"https:\/\/demo2025.abiprofessional.it\/#organization\"},\"alternateName\":\"ABI Professional\",\"potentialAction\":[{\"@type\":\"SearchAction\",\"target\":{\"@type\":\"EntryPoint\",\"urlTemplate\":\"https:\/\/demo2025.abiprofessional.it\/?s={search_term_string}\"},\"query-input\":{\"@type\":\"PropertyValueSpecification\",\"valueRequired\":true,\"valueName\":\"search_term_string\"}}],\"inLanguage\":\"it-IT\"},{\"@type\":\"Organization\",\"@id\":\"https:\/\/demo2025.abiprofessional.it\/#organization\",\"name\":\"A.B.I. Professional - Associazione Barmen Italiani\",\"url\":\"https:\/\/demo2025.abiprofessional.it\/\",\"logo\":{\"@type\":\"ImageObject\",\"inLanguage\":\"it-IT\",\"@id\":\"https:\/\/demo2025.abiprofessional.it\/#\/schema\/logo\/image\/\",\"url\":\"https:\/\/demo2025.abiprofessional.it\/wp-content\/uploads\/2025\/07\/abi_professional_logo.png\",\"contentUrl\":\"https:\/\/demo2025.abiprofessional.it\/wp-content\/uploads\/2025\/07\/abi_professional_logo.png\",\"width\":455,\"height\":540,\"caption\":\"A.B.I. Professional - Associazione Barmen Italiani\"},\"image\":{\"@id\":\"https:\/\/demo2025.abiprofessional.it\/#\/schema\/logo\/image\/\"},\"sameAs\":[\"https:\/\/www.facebook.com\/A.B.I.Professional\",\"https:\/\/x.com\/abiprofessional\",\"https:\/\/www.linkedin.com\/in\/abi-professional-9201a8b3\/\",\"https:\/\/www.youtube.com\/channel\/UC2es0RiCRBVNTtG52_cL9aQ\"]}]}<\/script>\n<!-- \/ Yoast SEO plugin. -->","yoast_head_json":{"title":"Codice Etico A.B.I. Professional - A.B.I. Professional - Associazione Barmen Italiani","robots":{"index":"index","follow":"follow","max-snippet":"max-snippet:-1","max-image-preview":"max-image-preview:large","max-video-preview":"max-video-preview:-1"},"canonical":"https:\/\/demo2025.abiprofessional.it\/index.php\/codice-etico-a-b-i-professional\/","og_locale":"it_IT","og_type":"article","og_title":"Codice Etico A.B.I. Professional - A.B.I. Professional - Associazione Barmen Italiani","og_description":"CODICE ETICO E DI COMPORTAMENTO A.B.I. PROFESSIONAL &nbsp; Premessa L\u2019appartenenza Associativa richiede la condivisione di valori fondanti quali PIACERE, PASSIONE e RISPETTO applicati con classe, stile ed eleganza. Il Piacere:...","og_url":"https:\/\/demo2025.abiprofessional.it\/index.php\/codice-etico-a-b-i-professional\/","og_site_name":"A.B.I. Professional - Associazione Barmen Italiani","article_publisher":"https:\/\/www.facebook.com\/A.B.I.Professional","og_image":[{"url":"https:\/\/demo2025.abiprofessional.it\/wp-content\/uploads\/2014\/10\/logo_abiprofessional_100.png","type":"","width":"","height":""}],"twitter_card":"summary_large_image","twitter_site":"@abiprofessional","twitter_misc":{"Tempo di lettura stimato":"6 minuti"},"schema":{"@context":"https:\/\/schema.org","@graph":[{"@type":"WebPage","@id":"https:\/\/demo2025.abiprofessional.it\/index.php\/codice-etico-a-b-i-professional\/","url":"https:\/\/demo2025.abiprofessional.it\/index.php\/codice-etico-a-b-i-professional\/","name":"Codice Etico A.B.I. Professional - A.B.I. Professional - Associazione Barmen Italiani","isPartOf":{"@id":"https:\/\/demo2025.abiprofessional.it\/#website"},"primaryImageOfPage":{"@id":"https:\/\/demo2025.abiprofessional.it\/index.php\/codice-etico-a-b-i-professional\/#primaryimage"},"image":{"@id":"https:\/\/demo2025.abiprofessional.it\/index.php\/codice-etico-a-b-i-professional\/#primaryimage"},"thumbnailUrl":"https:\/\/demo2025.abiprofessional.it\/wp-content\/uploads\/2014\/10\/logo_abiprofessional_100.png","datePublished":"2019-03-04T14:59:19+00:00","breadcrumb":{"@id":"https:\/\/demo2025.abiprofessional.it\/index.php\/codice-etico-a-b-i-professional\/#breadcrumb"},"inLanguage":"it-IT","potentialAction":[{"@type":"ReadAction","target":["https:\/\/demo2025.abiprofessional.it\/index.php\/codice-etico-a-b-i-professional\/"]}]},{"@type":"ImageObject","inLanguage":"it-IT","@id":"https:\/\/demo2025.abiprofessional.it\/index.php\/codice-etico-a-b-i-professional\/#primaryimage","url":"https:\/\/demo2025.abiprofessional.it\/wp-content\/uploads\/2014\/10\/logo_abiprofessional_100.png","contentUrl":"https:\/\/demo2025.abiprofessional.it\/wp-content\/uploads\/2014\/10\/logo_abiprofessional_100.png","width":99,"height":120},{"@type":"BreadcrumbList","@id":"https:\/\/demo2025.abiprofessional.it\/index.php\/codice-etico-a-b-i-professional\/#breadcrumb","itemListElement":[{"@type":"ListItem","position":1,"name":"Home","item":"https:\/\/demo2025.abiprofessional.it\/"},{"@type":"ListItem","position":2,"name":"Codice Etico A.B.I. Professional"}]},{"@type":"WebSite","@id":"https:\/\/demo2025.abiprofessional.it\/#website","url":"https:\/\/demo2025.abiprofessional.it\/","name":"A.B.I. Professional - Associazione Barmen Italiani","description":"Associazione Barmen Italiani - Professionisti del bartending","publisher":{"@id":"https:\/\/demo2025.abiprofessional.it\/#organization"},"alternateName":"ABI Professional","potentialAction":[{"@type":"SearchAction","target":{"@type":"EntryPoint","urlTemplate":"https:\/\/demo2025.abiprofessional.it\/?s={search_term_string}"},"query-input":{"@type":"PropertyValueSpecification","valueRequired":true,"valueName":"search_term_string"}}],"inLanguage":"it-IT"},{"@type":"Organization","@id":"https:\/\/demo2025.abiprofessional.it\/#organization","name":"A.B.I. Professional - Associazione Barmen Italiani","url":"https:\/\/demo2025.abiprofessional.it\/","logo":{"@type":"ImageObject","inLanguage":"it-IT","@id":"https:\/\/demo2025.abiprofessional.it\/#\/schema\/logo\/image\/","url":"https:\/\/demo2025.abiprofessional.it\/wp-content\/uploads\/2025\/07\/abi_professional_logo.png","contentUrl":"https:\/\/demo2025.abiprofessional.it\/wp-content\/uploads\/2025\/07\/abi_professional_logo.png","width":455,"height":540,"caption":"A.B.I. Professional - Associazione Barmen Italiani"},"image":{"@id":"https:\/\/demo2025.abiprofessional.it\/#\/schema\/logo\/image\/"},"sameAs":["https:\/\/www.facebook.com\/A.B.I.Professional","https:\/\/x.com\/abiprofessional","https:\/\/www.linkedin.com\/in\/abi-professional-9201a8b3\/","https:\/\/www.youtube.com\/channel\/UC2es0RiCRBVNTtG52_cL9aQ"]}]}},"_links":{"self":[{"href":"https:\/\/demo2025.abiprofessional.it\/index.php\/wp-json\/wp\/v2\/pages\/5257","targetHints":{"allow":["GET"]}}],"collection":[{"href":"https:\/\/demo2025.abiprofessional.it\/index.php\/wp-json\/wp\/v2\/pages"}],"about":[{"href":"https:\/\/demo2025.abiprofessional.it\/index.php\/wp-json\/wp\/v2\/types\/page"}],"author":[{"embeddable":true,"href":"https:\/\/demo2025.abiprofessional.it\/index.php\/wp-json\/wp\/v2\/users\/1"}],"replies":[{"embeddable":true,"href":"https:\/\/demo2025.abiprofessional.it\/index.php\/wp-json\/wp\/v2\/comments?post=5257"}],"version-history":[{"count":0,"href":"https:\/\/demo2025.abiprofessional.it\/index.php\/wp-json\/wp\/v2\/pages\/5257\/revisions"}],"wp:attachment":[{"href":"https:\/\/demo2025.abiprofessional.it\/index.php\/wp-json\/wp\/v2\/media?parent=5257"}],"curies":[{"name":"wp","href":"https:\/\/api.w.org\/{rel}","templated":true}]}}